{"id":4644,"date":"2015-05-15T23:09:04","date_gmt":"2015-05-16T05:09:04","guid":{"rendered":"http:\/\/www.odmstudio.com.mx\/wn\/?page_id=4644"},"modified":"2021-02-05T14:27:41","modified_gmt":"2021-02-05T20:27:41","slug":"eye-tracking","status":"publish","type":"page","link":"https:\/\/www.odmstudio.com.mx\/wn\/eye-tracking\/","title":{"rendered":"Eye Tracking"},"content":{"rendered":"<div class=\"wpb-content-wrapper\">[vc_row][vc_column][vc_raw_html]JTNDYSUyMG5hbWUlM0QlMjJleWV0cmFja2luZyUyMiUzRSUzQyUyRmElM0U=[\/vc_raw_html][vc_column_text css_animation=&#8221;bounceInDown&#8221;]<img loading=\"lazy\" decoding=\"async\" class=\"alignnone size-full wp-image-5772\" src=\"http:\/\/www.odmstudio.com.mx\/wn\/wp-content\/uploads\/2015\/05\/eye_p.jpg\" alt=\"\" width=\"1199\" height=\"967\" srcset=\"https:\/\/www.odmstudio.com.mx\/wn\/wp-content\/uploads\/2015\/05\/eye_p.jpg 1199w, https:\/\/www.odmstudio.com.mx\/wn\/wp-content\/uploads\/2015\/05\/eye_p-350x282.jpg 350w, https:\/\/www.odmstudio.com.mx\/wn\/wp-content\/uploads\/2015\/05\/eye_p-930x750.jpg 930w, https:\/\/www.odmstudio.com.mx\/wn\/wp-content\/uploads\/2015\/05\/eye_p-350x282@2x.jpg 700w\" sizes=\"auto, (max-width: 1199px) 100vw, 1199px\" \/>[\/vc_column_text][vc_column_text css_animation=&#8221;left-to-right&#8221;]<img loading=\"lazy\" decoding=\"async\" class=\"alignnone size-full wp-image-5771\" src=\"http:\/\/www.odmstudio.com.mx\/wn\/wp-content\/uploads\/2015\/05\/eye_f.jpg\" alt=\"\" width=\"1200\" height=\"163\" srcset=\"https:\/\/www.odmstudio.com.mx\/wn\/wp-content\/uploads\/2015\/05\/eye_f.jpg 1200w, https:\/\/www.odmstudio.com.mx\/wn\/wp-content\/uploads\/2015\/05\/eye_f-350x48.jpg 350w, https:\/\/www.odmstudio.com.mx\/wn\/wp-content\/uploads\/2015\/05\/eye_f-930x126.jpg 930w, https:\/\/www.odmstudio.com.mx\/wn\/wp-content\/uploads\/2015\/05\/eye_f-350x48@2x.jpg 700w\" sizes=\"auto, (max-width: 1200px) 100vw, 1200px\" \/>[\/vc_column_text][vc_raw_html]JTNDYSUyMG5hbWUlM0QlMjJtZXRvZG9sb2dpYSUyMiUzRSUzQyUyRmElM0U=[\/vc_raw_html][vc_column_text css_animation=&#8221;right-to-left&#8221;]<img loading=\"lazy\" decoding=\"async\" class=\"alignnone size-full wp-image-5388\" src=\"http:\/\/www.odmstudio.com.mx\/wn\/wp-content\/uploads\/2015\/05\/s_e3.jpg\" alt=\"\" width=\"1100\" height=\"670\" srcset=\"https:\/\/www.odmstudio.com.mx\/wn\/wp-content\/uploads\/2015\/05\/s_e3.jpg 1100w, https:\/\/www.odmstudio.com.mx\/wn\/wp-content\/uploads\/2015\/05\/s_e3-350x213.jpg 350w, https:\/\/www.odmstudio.com.mx\/wn\/wp-content\/uploads\/2015\/05\/s_e3-930x566.jpg 930w, https:\/\/www.odmstudio.com.mx\/wn\/wp-content\/uploads\/2015\/05\/s_e3-350x213@2x.jpg 700w\" sizes=\"auto, (max-width: 1100px) 100vw, 1100px\" \/>[\/vc_column_text][vc_raw_html]JTNDYSUyMG5hbWUlM0QlMjJuZXVyb21hcmtldGluZyUyMiUzRSUzQyUyRmElM0U=[\/vc_raw_html][vc_column_text css_animation=&#8221;right-to-left&#8221;]<img loading=\"lazy\" decoding=\"async\" class=\"alignnone size-full wp-image-5389\" src=\"http:\/\/www.odmstudio.com.mx\/wn\/wp-content\/uploads\/2015\/05\/s_e41.jpg\" alt=\"\" width=\"1100\" height=\"343\" srcset=\"https:\/\/www.odmstudio.com.mx\/wn\/wp-content\/uploads\/2015\/05\/s_e41.jpg 1100w, https:\/\/www.odmstudio.com.mx\/wn\/wp-content\/uploads\/2015\/05\/s_e41-350x109.jpg 350w, https:\/\/www.odmstudio.com.mx\/wn\/wp-content\/uploads\/2015\/05\/s_e41-930x290.jpg 930w, https:\/\/www.odmstudio.com.mx\/wn\/wp-content\/uploads\/2015\/05\/s_e41-350x109@2x.jpg 700w\" sizes=\"auto, (max-width: 1100px) 100vw, 1100px\" \/>[\/vc_column_text][vc_raw_html]JTNDYSUyMG5hbWUlM0QlMjJhcGxpY2FjaW9uZXMlMjIlM0UlM0MlMkZhJTNF[\/vc_raw_html][vc_column_text css_animation=&#8221;right-to-left&#8221;]<img loading=\"lazy\" decoding=\"async\" class=\"alignnone size-full wp-image-5390\" src=\"http:\/\/www.odmstudio.com.mx\/wn\/wp-content\/uploads\/2015\/05\/s_e5.jpg\" alt=\"\" width=\"1100\" height=\"333\" srcset=\"https:\/\/www.odmstudio.com.mx\/wn\/wp-content\/uploads\/2015\/05\/s_e5.jpg 1100w, https:\/\/www.odmstudio.com.mx\/wn\/wp-content\/uploads\/2015\/05\/s_e5-350x106.jpg 350w, https:\/\/www.odmstudio.com.mx\/wn\/wp-content\/uploads\/2015\/05\/s_e5-930x282.jpg 930w, https:\/\/www.odmstudio.com.mx\/wn\/wp-content\/uploads\/2015\/05\/s_e5-350x106@2x.jpg 700w\" sizes=\"auto, (max-width: 1100px) 100vw, 1100px\" \/>[\/vc_column_text][vc_row_inner][vc_column_inner width=&#8221;1\/2&#8243;][el_head dynamic_title=&#8221;An\u00e1lisis Cuanti y Cuali&#8221;][vc_column_text]Mediante <strong>herramientas<\/strong> <strong>Cuantitativas<\/strong> y <strong>Cualitativas<\/strong> generamos:<\/p>\n<p>+ An\u00e1lisis Situacional y de Factibilidad<\/p>\n<p>+ Diagn\u00f3stico de alcance de objetivos<\/p>\n<p>+ Investigaci\u00f3n y cruce de informaci\u00f3n<\/p>\n<p>+ An\u00e1lisis financiero y comercializaci\u00f3n enfocado a marketing<\/p>\n<p>+ Estudios de percepci\u00f3n \/MARCA\/ SERVICIO(S) \/ PRODUCTO(S)<\/p>\n<p>+ An\u00e1lisis de medios electr\u00f3nicos y tradicionales<\/p>\n<p>+ An\u00e1lisis de AUDIENCIA ABC<\/p>\n<p>Con todo este tipo de informaci\u00f3n y estudios nos permite tener herramientas para la toma de decisiones y acciones m\u00e1s certeras.[\/vc_column_text][el_head dynamic_title=&#8221;Estudios Eye Tracking&#8221;][vc_column_text]Nos permite conocer la viabilidad del proyecto de nuestro<br \/>\ncliente mediante el <strong>an\u00e1lisis de consumidor<\/strong> (DESCUBRIR + GUIAR + CONFIRMAR) y la estrategia en \u00e1reas de:<\/p>\n<p>+ Neuromarketing aplicado<\/p>\n<p>+ Comportamiento del comprador (fuera\/dentro de la tienda y en estanter\u00eda)<\/p>\n<p>+ Estudios cualitativos (opiniones e ideas)<\/p>\n<p>+ Estudios cuantitativos (entrevistas o encuestas basadas en web)<\/p>\n<p>+ Estudios in-home y etnogr\u00e1ficos<\/p>\n<p>+ Usabilidad del empaque<\/p>\n<p>+ Colocaci\u00f3n del empaque[\/vc_column_text][\/vc_column_inner][vc_column_inner width=&#8221;1\/2&#8243;][el_head dynamic_title=&#8221;Aplicaci\u00f3n Eye Tracking&#8221;][vc_column_text]Las aplicaciones de REMOTE y MOBILE Eye Tracking es utilizado para la <strong>evaluaci\u00f3n<\/strong> y <strong>optimizaci\u00f3n<\/strong> en \u00e1reas de neuromarketing como:<\/p>\n<p>Test de Publicidad<br \/>\n+ Percepci\u00f3n de marcas e imagen<br \/>\n+ Anuncios de TV<br \/>\n+ Anuncios en medios electr\u00f3nicos<br \/>\n+ Colocaci\u00f3n de anuncios<br \/>\n+ Campa\u00f1as publicitarias<br \/>\n+ Anuncios gr\u00e1ficos<br \/>\n+ Comerciales visuales<br \/>\n+ Medios sociales<br \/>\n+ Banners<br \/>\n+ Anuncios m\u00f3viles<br \/>\n+ Anuncios en aplicaciones<\/p>\n<p>Test de Usabilidad<br \/>\n+ Re-dise\u00f1o de sitios web<br \/>\n+ Comercio electr\u00f3nico<br \/>\n+ Intranet<br \/>\n+ Software<br \/>\n+ Aplicaciones m\u00f3viles<\/p>\n<p>Test en Retailing<br \/>\n+ Comportamiento del comprador<br \/>\n+ Flujo en recorridos de compra<br \/>\n+ Flujo de compra<br \/>\n+ Motivaciones de compra<br \/>\n+ Categorizaci\u00f3n<br \/>\n+ Usabilidad<br \/>\n+ Test de prototipos<br \/>\n+ Colocaci\u00f3n de Producto<\/p>\n<p>Test de Material Impreso<br \/>\n+ Folletos<br \/>\n+ Displays<br \/>\n+ Cat\u00e1logos<br \/>\n+ Espectaculares y vallas[\/vc_column_text][\/vc_column_inner][\/vc_row_inner][vc_raw_html]JTNDYSUyMG5hbWUlM0QlMjJhcGxpY2ElMjIlM0UlM0MlMkZhJTNF[\/vc_raw_html][vc_column_text css_animation=&#8221;left-to-right&#8221;]<img loading=\"lazy\" decoding=\"async\" class=\"alignnone size-full wp-image-5779\" src=\"http:\/\/www.odmstudio.com.mx\/wn\/wp-content\/uploads\/2015\/05\/eye_a.jpg\" alt=\"\" width=\"1200\" height=\"1000\" srcset=\"https:\/\/www.odmstudio.com.mx\/wn\/wp-content\/uploads\/2015\/05\/eye_a.jpg 1200w, https:\/\/www.odmstudio.com.mx\/wn\/wp-content\/uploads\/2015\/05\/eye_a-350x292.jpg 350w, https:\/\/www.odmstudio.com.mx\/wn\/wp-content\/uploads\/2015\/05\/eye_a-930x775.jpg 930w, https:\/\/www.odmstudio.com.mx\/wn\/wp-content\/uploads\/2015\/05\/eye_a-350x292@2x.jpg 700w\" sizes=\"auto, (max-width: 1200px) 100vw, 1200px\" \/>[\/vc_column_text][vc_column_text css_animation=&#8221;bounceInUp&#8221;]<img loading=\"lazy\" decoding=\"async\" class=\"alignnone size-full wp-image-5393\" src=\"http:\/\/www.odmstudio.com.mx\/wn\/wp-content\/uploads\/2015\/05\/s_e8.jpg\" alt=\"\" width=\"1100\" height=\"433\" srcset=\"https:\/\/www.odmstudio.com.mx\/wn\/wp-content\/uploads\/2015\/05\/s_e8.jpg 1100w, https:\/\/www.odmstudio.com.mx\/wn\/wp-content\/uploads\/2015\/05\/s_e8-350x138.jpg 350w, https:\/\/www.odmstudio.com.mx\/wn\/wp-content\/uploads\/2015\/05\/s_e8-930x366.jpg 930w, https:\/\/www.odmstudio.com.mx\/wn\/wp-content\/uploads\/2015\/05\/s_e8-350x138@2x.jpg 700w\" sizes=\"auto, (max-width: 1100px) 100vw, 1100px\" \/>[\/vc_column_text][\/vc_column][\/vc_row]\n<\/div>","protected":false},"excerpt":{"rendered":"<p>[vc_row][vc_column][vc_raw_html]JTNDYSUyMG5hbWUlM0QlMjJleWV0cmFja2luZyUyMiUzRSUzQyUyRmElM0U=[\/vc_raw_html][vc_column_text css_animation=&#8221;bounceInDown&#8221;][\/vc_column_text][vc_column_text css_animation=&#8221;left-to-right&#8221;][\/vc_column_text][vc_raw_html]JTNDYSUyMG5hbWUlM0QlMjJtZXRvZG9sb2dpYSUyMiUzRSUzQyUyRmElM0U=[\/vc_raw_html][vc_column_text css_animation=&#8221;right-to-left&#8221;][\/vc_column_text][vc_raw_html]JTNDYSUyMG5hbWUlM0QlMjJuZXVyb21hcmtldGluZyUyMiUzRSUzQyUyRmElM0U=[\/vc_raw_html][vc_column_text css_animation=&#8221;right-to-left&#8221;][\/vc_column_text][vc_raw_html]JTNDYSUyMG5hbWUlM0QlMjJhcGxpY2FjaW9uZXMlMjIlM0UlM0MlMkZhJTNF[\/vc_raw_html][vc_column_text css_animation=&#8221;right-to-left&#8221;][\/vc_column_text][vc_row_inner][vc_column_inner width=&#8221;1\/2&#8243;][el_head dynamic_title=&#8221;An\u00e1lisis Cuanti y Cuali&#8221;][vc_column_text]Mediante herramientas Cuantitativas y Cualitativas generamos: + An\u00e1lisis Situacional y de Factibilidad + Diagn\u00f3stico de alcance de objetivos + Investigaci\u00f3n y cruce de informaci\u00f3n + An\u00e1lisis financiero y comercializaci\u00f3n enfocado a marketing + Estudios de percepci\u00f3n \/MARCA\/ SERVICIO(S) \/ PRODUCTO(S) + An\u00e1lisis de medios electr\u00f3nicos [&hellip;]<\/p>\n","protected":false},"author":1,"featured_media":0,"parent":0,"menu_order":0,"comment_status":"closed","ping_status":"closed","template":"","meta":{"_exactmetrics_skip_tracking":false,"_exactmetrics_sitenote_active":false,"_exactmetrics_sitenote_note":"","_exactmetrics_sitenote_category":0,"_monsterinsights_skip_tracking":false,"_monsterinsights_sitenote_active":false,"_monsterinsights_sitenote_note":"","_monsterinsights_sitenote_category":0,"footnotes":""},"class_list":["post-4644","page","type-page","status-publish","hentry"],"aioseo_notices":[],"_links":{"self":[{"href":"https:\/\/www.odmstudio.com.mx\/wn\/wp-json\/wp\/v2\/pages\/4644","targetHints":{"allow":["GET"]}}],"collection":[{"href":"https:\/\/www.odmstudio.com.mx\/wn\/wp-json\/wp\/v2\/pages"}],"about":[{"href":"https:\/\/www.odmstudio.com.mx\/wn\/wp-json\/wp\/v2\/types\/page"}],"author":[{"embeddable":true,"href":"https:\/\/www.odmstudio.com.mx\/wn\/wp-json\/wp\/v2\/users\/1"}],"replies":[{"embeddable":true,"href":"https:\/\/www.odmstudio.com.mx\/wn\/wp-json\/wp\/v2\/comments?post=4644"}],"version-history":[{"count":6,"href":"https:\/\/www.odmstudio.com.mx\/wn\/wp-json\/wp\/v2\/pages\/4644\/revisions"}],"predecessor-version":[{"id":7478,"href":"https:\/\/www.odmstudio.com.mx\/wn\/wp-json\/wp\/v2\/pages\/4644\/revisions\/7478"}],"wp:attachment":[{"href":"https:\/\/www.odmstudio.com.mx\/wn\/wp-json\/wp\/v2\/media?parent=4644"}],"curies":[{"name":"wp","href":"https:\/\/api.w.org\/{rel}","templated":true}]}}